{"id":344,"date":"2016-11-07T21:56:58","date_gmt":"2016-11-08T03:56:58","guid":{"rendered":"http:\/\/www.xorkun.com\/abogados\/?page_id=2"},"modified":"2016-11-07T21:56:58","modified_gmt":"2016-11-08T03:56:58","slug":"la-empresa","status":"publish","type":"page","link":"https:\/\/rgyasociados.com.mx\/index.php\/la-empresa\/","title":{"rendered":"La empresa"},"content":{"rendered":"<p><strong>Conoce a RG y Asociados<\/strong><\/p>\n<h3>MTRO. RODRIGO GARC\u00cdA G\u00d3MEZ.<\/h3>\n<p dir=\"auto\" style=\"text-align: justify;\">Licenciado en Derecho por la Universidad An\u00e1huac, con t\u00edtulo y c\u00e9dula profesional reconocida por la SEP, especialidad en derecho fiscal y Maestr\u00eda en Derecho fiscal por la Universidad Panamericana, con t\u00edtulo y c\u00e9dula profesional reconocido por la SEP.\u00a0<\/p>\n<p style=\"text-align: justify;\">Catedr\u00e1tico de la Universidad An\u00e1huac en la Licenciatura de Derecho impartiendo las materias de Fiscal y Administrativo.<\/p>\n<p style=\"text-align: justify;\">Se desempe\u00f1\u00f3 3 a\u00f1os como secretario de acuerdos en la Segunda Sala Regional Metropolitana del Tribunal Federal de Justicia Fiscal y Administrativa, y 6 a\u00f1os como Oficial Jurisdiccional en la Sala Superior del Tribunal Federal de Justicia Fiscal y Administrativa; 2 a\u00f1os como Gerente Contencioso del grupo de Farmacias Similares, S.A. de C.V., raz\u00f3n por la cual cuenta con amplia experiencia y conocimiento en litigio en materias de amparo directo e indirecto, impuestos federales, nulidad de cr\u00e9ditos de cuotas obrero patronales, riesgos de trabajo o modificaci\u00f3n de grado de prima de riesgo de trabajo; impuestos y tr\u00e1mites en materia de Comercio Exterior, Derecho Aduanero; nulidad de toda clase de actos administrativos emitidos por la Secretaria de Estado, Gobierno de la Ciudad de M\u00e9xico u Organismos descentralizados o desconcentrados; Responsabilidad Patrimonial del Estado; Sistema de Responsabilidad de los Servidores P\u00fablicos; as\u00ed como nulidad de multas administrativas y fiscales en el \u00e1mbito Federal y Local.<\/p>\n<p>&nbsp;<\/p>\n<h3>Comun\u00edcate con nosotros<\/h3>\n<p>y conoce los beneficios de poder estar asesorado en cada proceso.<\/p>\n<p>\t<a href=\"\" target=\"_self\" role=\"button\" rel=\"noopener\"><br \/>\n\t\t\t\t\t\tTel. 55 2898 3597<br \/>\n\t\t\t\t\t<\/a><\/p>\n","protected":false},"excerpt":{"rendered":"<p>Conoce a RG y Asociados MTRO. RODRIGO GARC\u00cdA G\u00d3MEZ. Licenciado en Derecho por la Universidad An\u00e1huac, con t\u00edtulo y c\u00e9dula&hellip;<\/p>\n","protected":false},"author":1,"featured_media":0,"parent":0,"menu_order":0,"comment_status":"closed","ping_status":"closed","template":"","meta":{"om_disable_all_campaigns":false,"_monsterinsights_skip_tracking":false,"_monsterinsights_sitenote_active":false,"_monsterinsights_sitenote_note":"","_monsterinsights_sitenote_category":0,"footnotes":""},"class_list":["post-344","page","type-page","status-publish","hentry"],"aioseo_notices":[],"_links":{"self":[{"href":"https:\/\/rgyasociados.com.mx\/index.php\/wp-json\/wp\/v2\/pages\/344","targetHints":{"allow":["GET"]}}],"collection":[{"href":"https:\/\/rgyasociados.com.mx\/index.php\/wp-json\/wp\/v2\/pages"}],"about":[{"href":"https:\/\/rgyasociados.com.mx\/index.php\/wp-json\/wp\/v2\/types\/page"}],"author":[{"embeddable":true,"href":"https:\/\/rgyasociados.com.mx\/index.php\/wp-json\/wp\/v2\/users\/1"}],"replies":[{"embeddable":true,"href":"https:\/\/rgyasociados.com.mx\/index.php\/wp-json\/wp\/v2\/comments?post=344"}],"version-history":[{"count":0,"href":"https:\/\/rgyasociados.com.mx\/index.php\/wp-json\/wp\/v2\/pages\/344\/revisions"}],"wp:attachment":[{"href":"https:\/\/rgyasociados.com.mx\/index.php\/wp-json\/wp\/v2\/media?parent=344"}],"curies":[{"name":"wp","href":"https:\/\/api.w.org\/{rel}","templated":true}]}}